{"id":360,"date":"2022-11-23T12:41:02","date_gmt":"2022-11-23T12:41:02","guid":{"rendered":"https:\/\/unitekplast.com\/tr\/?page_id=360"},"modified":"2023-01-30T09:20:10","modified_gmt":"2023-01-30T09:20:10","slug":"uni-e-tps","status":"publish","type":"page","link":"https:\/\/unitekplast.com\/tr\/uni-e-tps\/","title":{"rendered":"UNI E-TPS"},"content":{"rendered":"\t\t<div data-elementor-type=\"wp-page\" data-elementor-id=\"360\" class=\"elementor elementor-360\">\n\t\t\t\t\t\t\t\t\t<section class=\"elementor-section elementor-top-section elementor-element elementor-element-d564782 elementor-section-boxed elementor-section-height-default elementor-section-height-default\" data-id=\"d564782\" data-element_type=\"section\">\n\t\t\t\t\t\t<div class=\"elementor-container elementor-column-gap-default\">\n\t\t\t\t\t<div class=\"elementor-column elementor-col-100 elementor-top-column elementor-element elementor-element-bac1fc7\" data-id=\"bac1fc7\" data-element_type=\"column\">\n\t\t\t<div class=\"elementor-widget-wrap elementor-element-populated\">\n\t\t\t\t\t\t\t\t<div class=\"elementor-element elementor-element-22e6750 elementor-widget-divider--separator-type-pattern elementor-widget-divider--view-line elementor-widget elementor-widget-divider\" data-id=\"22e6750\" data-element_type=\"widget\" data-widget_type=\"divider.default\">\n\t\t\t\t<div class=\"elementor-widget-container\">\n\t\t\t<style>\/*! elementor - v3.9.2 - 21-12-2022 *\/\n.elementor-widget-divider{--divider-border-style:none;--divider-border-width:1px;--divider-color:#2c2c2c;--divider-icon-size:20px;--divider-element-spacing:10px;--divider-pattern-height:24px;--divider-pattern-size:20px;--divider-pattern-url:none;--divider-pattern-repeat:repeat-x}.elementor-widget-divider .elementor-divider{display:flex}.elementor-widget-divider .elementor-divider__text{font-size:15px;line-height:1;max-width:95%}.elementor-widget-divider .elementor-divider__element{margin:0 var(--divider-element-spacing);flex-shrink:0}.elementor-widget-divider .elementor-icon{font-size:var(--divider-icon-size)}.elementor-widget-divider .elementor-divider-separator{display:flex;margin:0;direction:ltr}.elementor-widget-divider--view-line_icon .elementor-divider-separator,.elementor-widget-divider--view-line_text .elementor-divider-separator{align-items:center}.elementor-widget-divider--view-line_icon .elementor-divider-separator:after,.elementor-widget-divider--view-line_icon .elementor-divider-separator:before,.elementor-widget-divider--view-line_text .elementor-divider-separator:after,.elementor-widget-divider--view-line_text .elementor-divider-separator:before{display:block;content:\"\";border-bottom:0;flex-grow:1;border-top:var(--divider-border-width) var(--divider-border-style) var(--divider-color)}.elementor-widget-divider--element-align-left .elementor-divider .elementor-divider-separator>.elementor-divider__svg:first-of-type{flex-grow:0;flex-shrink:100}.elementor-widget-divider--element-align-left .elementor-divider-separator:before{content:none}.elementor-widget-divider--element-align-left .elementor-divider__element{margin-left:0}.elementor-widget-divider--element-align-right .elementor-divider .elementor-divider-separator>.elementor-divider__svg:last-of-type{flex-grow:0;flex-shrink:100}.elementor-widget-divider--element-align-right .elementor-divider-separator:after{content:none}.elementor-widget-divider--element-align-right .elementor-divider__element{margin-right:0}.elementor-widget-divider:not(.elementor-widget-divider--view-line_text):not(.elementor-widget-divider--view-line_icon) .elementor-divider-separator{border-top:var(--divider-border-width) var(--divider-border-style) var(--divider-color)}.elementor-widget-divider--separator-type-pattern{--divider-border-style:none}.elementor-widget-divider--separator-type-pattern.elementor-widget-divider--view-line .elementor-divider-separator,.elementor-widget-divider--separator-type-pattern:not(.elementor-widget-divider--view-line) .elementor-divider-separator:after,.elementor-widget-divider--separator-type-pattern:not(.elementor-widget-divider--view-line) .elementor-divider-separator:before,.elementor-widget-divider--separator-type-pattern:not([class*=elementor-widget-divider--view]) .elementor-divider-separator{width:100%;min-height:var(--divider-pattern-height);-webkit-mask-size:var(--divider-pattern-size) 100%;mask-size:var(--divider-pattern-size) 100%;-webkit-mask-repeat:var(--divider-pattern-repeat);mask-repeat:var(--divider-pattern-repeat);background-color:var(--divider-color);-webkit-mask-image:var(--divider-pattern-url);mask-image:var(--divider-pattern-url)}.elementor-widget-divider--no-spacing{--divider-pattern-size:auto}.elementor-widget-divider--bg-round{--divider-pattern-repeat:round}.rtl .elementor-widget-divider .elementor-divider__text{direction:rtl}.e-con-inner>.elementor-widget-divider,.e-con>.elementor-widget-divider{width:var(--container-widget-width);--flex-grow:var(--container-widget-flex-grow)}<\/style>\t\t<div class=\"elementor-divider\" style=\"--divider-pattern-url: url(&quot;data:image\/svg+xml,%3Csvg xmlns=&#039;http:\/\/www.w3.org\/2000\/svg&#039; preserveAspectRatio=&#039;none&#039; overflow=&#039;visible&#039; height=&#039;100%&#039; viewBox=&#039;0 0 20 16&#039; fill=&#039;none&#039; stroke=&#039;black&#039; stroke-width=&#039;1&#039; stroke-linecap=&#039;square&#039; stroke-miterlimit=&#039;10&#039;%3E%3Cg transform=&#039;translate(-12.000000, 0)&#039;%3E%3Cpath d=&#039;M28,0L10,18&#039;\/%3E%3Cpath d=&#039;M18,0L0,18&#039;\/%3E%3Cpath d=&#039;M48,0L30,18&#039;\/%3E%3Cpath d=&#039;M38,0L20,18&#039;\/%3E%3C\/g%3E%3C\/svg%3E&quot;);\">\n\t\t\t<span class=\"elementor-divider-separator\">\n\t\t\t\t\t\t<\/span>\n\t\t<\/div>\n\t\t\t\t<\/div>\n\t\t\t\t<\/div>\n\t\t\t\t\t<\/div>\n\t\t<\/div>\n\t\t\t\t\t\t\t<\/div>\n\t\t<\/section>\n\t\t\t\t<section class=\"elementor-section elementor-top-section elementor-element elementor-element-215fe40 elementor-section-boxed elementor-section-height-default elementor-section-height-default\" data-id=\"215fe40\" data-element_type=\"section\">\n\t\t\t\t\t\t<div class=\"elementor-container elementor-column-gap-default\">\n\t\t\t\t\t<div class=\"elementor-column elementor-col-100 elementor-top-column elementor-element elementor-element-19faa01\" data-id=\"19faa01\" data-element_type=\"column\">\n\t\t\t<div class=\"elementor-widget-wrap elementor-element-populated\">\n\t\t\t\t\t\t\t\t<div class=\"elementor-element elementor-element-f0d17bd elementor-widget elementor-widget-text-editor\" data-id=\"f0d17bd\" data-element_type=\"widget\" data-widget_type=\"text-editor.default\">\n\t\t\t\t<div class=\"elementor-widget-container\">\n\t\t\t<style>\/*! elementor - v3.9.2 - 21-12-2022 *\/\n.elementor-widget-text-editor.elementor-drop-cap-view-stacked .elementor-drop-cap{background-color:#818a91;color:#fff}.elementor-widget-text-editor.elementor-drop-cap-view-framed .elementor-drop-cap{color:#818a91;border:3px solid;background-color:transparent}.elementor-widget-text-editor:not(.elementor-drop-cap-view-default) .elementor-drop-cap{margin-top:8px}.elementor-widget-text-editor:not(.elementor-drop-cap-view-default) .elementor-drop-cap-letter{width:1em;height:1em}.elementor-widget-text-editor .elementor-drop-cap{float:left;text-align:center;line-height:1;font-size:50px}.elementor-widget-text-editor .elementor-drop-cap-letter{display:inline-block}<\/style>\t\t\t\t<p>UNI E-TPS, yayg\u0131n TPS bazl\u0131 PP ve PE bile\u015fiklerine k\u0131yasla mekanik ve fiziksel \u00f6zellikleri art\u0131ran geli\u015fmi\u015f bir TPS\/sentetik polimer bile\u015fi\u011fi t\u00fcr\u00fcd\u00fcr. Daha g\u00fc\u00e7l\u00fcd\u00fcr ve daha fazla \u015feffafl\u0131\u011fa sahiptir, neredeyse normal par\u00e7alanamayan polimerler kadar daha ucuzdur.<\/p><p>Bug\u00fcne kadar, polilaktik asit (PLA), polihidroksib\u00fctirat (PHB) vb. gibi bir\u00e7ok biyolojik olarak par\u00e7alanabilen polimer mevcuttur. Buna ra\u011fmen, baz\u0131 durumlarda, biyolojik olarak par\u00e7alanabilen polimerler \u00fcretmenin y\u00fcksek maliyeti, geleneksel polimerlerin yerine kullan\u0131lmalar\u0131n\u0131 engeller. Biyopolimerlerin geli\u015fimine \u00e7ekici bir alternatif, ni\u015fasta gibi do\u011fal hammaddelerin kullan\u0131lmas\u0131d\u0131r.<\/p><p>Ni\u015fasta, s\u00f6m\u00fcr\u00fclebilecek ilgin\u00e7 fizikokimyasal \u00f6zelliklere sahip bol, bitki bazl\u0131 biyolojik olarak par\u00e7alanabilen bir malzemedir ve bu, TPS \u00fcr\u00fcnlerinin geli\u015ftirilmesi i\u00e7in dikkat \u00e7ekmi\u015ftir. Bununla birlikte, ni\u015fastalar \u00e7o\u011funlukla mekanik \u00f6zellikler, termal stabilite ve nem emilimi ile ilgili baz\u0131 s\u0131n\u0131rlamalar sergiler. Bu s\u0131n\u0131rlamalar nedeniyle, ni\u015fastalar \u00f6zelliklerini geli\u015ftirmek i\u00e7in genellikle di\u011fer malzemelerle harmanlan\u0131r. Kar\u0131\u015ft\u0131rma ni\u015fastalar\u0131 \u00fcretim maliyetini azaltmay\u0131 ama\u00e7lamaktad\u0131r; Bariyer \u00f6zelliklerini ve boyutsal kararl\u0131l\u0131\u011f\u0131 geli\u015ftirmek; Ni\u015fastan\u0131n hidrofilik karakterini azaltmak i\u00e7in; Ve biyolojik olarak par\u00e7alanabilirli\u011fini art\u0131r\u0131n.<\/p><p>Son zamanlarda, ambalaj uygulamalar\u0131 i\u00e7in biyolojik olarak par\u00e7alanabilir ve yenilenebilir malzemelere olan talepler muazzam bir \u015fekilde artm\u0131\u015ft\u0131r. alepteki bu art\u0131\u015f, \u00f6zellikle polietilen olmak \u00fczere sentetik ve biyolojik olarak par\u00e7alanamayan polimerik ambalajlar\u0131n yayg\u0131n kullan\u0131m\u0131 konusundaki artan \u00e7evresel endi\u015felerle ba\u011flant\u0131l\u0131d\u0131r.<\/p>\t\t\t\t\t\t<\/div>\n\t\t\t\t<\/div>\n\t\t\t\t\t<\/div>\n\t\t<\/div>\n\t\t\t\t\t\t\t<\/div>\n\t\t<\/section>\n\t\t\t\t<section class=\"elementor-section elementor-top-section elementor-element elementor-element-864783e elementor-section-boxed elementor-section-height-default elementor-section-height-default\" data-id=\"864783e\" data-element_type=\"section\">\n\t\t\t\t\t\t<div class=\"elementor-container elementor-column-gap-default\">\n\t\t\t\t\t<div class=\"elementor-column elementor-col-100 elementor-top-column elementor-element elementor-element-7dcf543\" data-id=\"7dcf543\" data-element_type=\"column\">\n\t\t\t<div class=\"elementor-widget-wrap elementor-element-populated\">\n\t\t\t\t\t\t\t\t<div class=\"elementor-element elementor-element-dcc337e elementor-widget elementor-widget-text-editor\" data-id=\"dcc337e\" data-element_type=\"widget\" data-widget_type=\"text-editor.default\">\n\t\t\t\t<div class=\"elementor-widget-container\">\n\t\t\t\t\t\t\t<p>UNITEKPLAST, \u00f6zellikle ambalaj ve g\u0131da end\u00fcstrileri olmak \u00fczere \u00e7e\u015fitli end\u00fcstriler i\u00e7in TPS gran\u00fclleri ve kar\u0131\u015f\u0131m ve nanokompozitler geli\u015ftirmektedir.<\/p>\t\t\t\t\t\t<\/div>\n\t\t\t\t<\/div>\n\t\t\t\t<div class=\"elementor-element elementor-element-ed09610 elementor-widget elementor-widget-image\" data-id=\"ed09610\" data-element_type=\"widget\" data-widget_type=\"image.default\">\n\t\t\t\t<div class=\"elementor-widget-container\">\n\t\t\t<style>\/*! elementor - v3.9.2 - 21-12-2022 *\/\n.elementor-widget-image{text-align:center}.elementor-widget-image a{display:inline-block}.elementor-widget-image a img[src$=\".svg\"]{width:48px}.elementor-widget-image img{vertical-align:middle;display:inline-block}<\/style>\t\t\t\t\t\t\t\t\t\t\t\t<img loading=\"lazy\" decoding=\"async\" width=\"807\" height=\"475\" src=\"https:\/\/unitekplast.com\/tr\/wp-content\/uploads\/2022\/11\/222.png\" class=\"attachment-large size-large wp-image-369\" alt=\"\" srcset=\"https:\/\/unitekplast.com\/tr\/wp-content\/uploads\/2022\/11\/222.png 807w, https:\/\/unitekplast.com\/tr\/wp-content\/uploads\/2022\/11\/222-300x177.png 300w, https:\/\/unitekplast.com\/tr\/wp-content\/uploads\/2022\/11\/222-768x452.png 768w\" sizes=\"auto, (max-width: 807px) 100vw, 807px\" \/>\t\t\t\t\t\t\t\t\t\t\t\t\t\t\t<\/div>\n\t\t\t\t<\/div>\n\t\t\t\t\t<\/div>\n\t\t<\/div>\n\t\t\t\t\t\t\t<\/div>\n\t\t<\/section>\n\t\t\t\t<section class=\"elementor-section elementor-top-section elementor-element elementor-element-d66c741 elementor-section-boxed elementor-section-height-default elementor-section-height-default\" data-id=\"d66c741\" data-element_type=\"section\">\n\t\t\t\t\t\t<div class=\"elementor-container elementor-column-gap-default\">\n\t\t\t\t\t<div class=\"elementor-column elementor-col-100 elementor-top-column elementor-element elementor-element-6f2924c\" data-id=\"6f2924c\" data-element_type=\"column\">\n\t\t\t<div class=\"elementor-widget-wrap\">\n\t\t\t\t\t\t\t\t\t<\/div>\n\t\t<\/div>\n\t\t\t\t\t\t\t<\/div>\n\t\t<\/section>\n\t\t\t\t\t\t\t<\/div>\n\t\t","protected":false},"excerpt":{"rendered":"<p>UNI E-TPS, yayg\u0131n TPS bazl\u0131 PP ve PE bile\u015fiklerine k\u0131yasla mekanik ve fiziksel \u00f6zellikleri art\u0131ran geli\u015fmi\u015f bir TPS\/sentetik polimer bile\u015fi\u011fi t\u00fcr\u00fcd\u00fcr. Daha g\u00fc\u00e7l\u00fcd\u00fcr ve daha fazla \u015feffafl\u0131\u011fa sahiptir, neredeyse normal par\u00e7alanamayan polimerler kadar daha ucuzdur. Bug\u00fcne kadar, polilaktik asit (PLA), polihidroksib\u00fctirat (PHB) vb. gibi bir\u00e7ok biyolojik olarak par\u00e7alanabilen polimer mevcuttur. Buna ra\u011fmen, baz\u0131 durumlarda, biyolojik &hellip;<\/p>\n<p class=\"read-more\"> <a class=\"\" href=\"https:\/\/unitekplast.com\/tr\/uni-e-tps\/\"> <span class=\"screen-reader-text\">UNI E-TPS<\/span> Read More &raquo;<\/a><\/p>\n","protected":false},"author":1,"featured_media":0,"parent":0,"menu_order":0,"comment_status":"closed","ping_status":"closed","template":"","meta":{"site-sidebar-layout":"no-sidebar","site-content-layout":"page-builder","ast-global-header-display":"","ast-main-header-display":"","ast-hfb-above-header-display":"","ast-hfb-below-header-display":"","ast-hfb-mobile-header-display":"","site-post-title":"disabled","ast-breadcrumbs-content":"","ast-featured-img":"disabled","footer-sml-layout":"","theme-transparent-header-meta":"","adv-header-id-meta":"","stick-header-meta":"","header-above-stick-meta":"","header-main-stick-meta":"","header-below-stick-meta":"","footnotes":""},"class_list":["post-360","page","type-page","status-publish","hentry"],"_links":{"self":[{"href":"https:\/\/unitekplast.com\/tr\/wp-json\/wp\/v2\/pages\/360","targetHints":{"allow":["GET"]}}],"collection":[{"href":"https:\/\/unitekplast.com\/tr\/wp-json\/wp\/v2\/pages"}],"about":[{"href":"https:\/\/unitekplast.com\/tr\/wp-json\/wp\/v2\/types\/page"}],"author":[{"embeddable":true,"href":"https:\/\/unitekplast.com\/tr\/wp-json\/wp\/v2\/users\/1"}],"replies":[{"embeddable":true,"href":"https:\/\/unitekplast.com\/tr\/wp-json\/wp\/v2\/comments?post=360"}],"version-history":[{"count":28,"href":"https:\/\/unitekplast.com\/tr\/wp-json\/wp\/v2\/pages\/360\/revisions"}],"predecessor-version":[{"id":912,"href":"https:\/\/unitekplast.com\/tr\/wp-json\/wp\/v2\/pages\/360\/revisions\/912"}],"wp:attachment":[{"href":"https:\/\/unitekplast.com\/tr\/wp-json\/wp\/v2\/media?parent=360"}],"curies":[{"name":"wp","href":"https:\/\/api.w.org\/{rel}","templated":true}]}}