{"id":385,"date":"2022-11-23T12:54:25","date_gmt":"2022-11-23T12:54:25","guid":{"rendered":"https:\/\/unitekplast.com\/tr\/?page_id=385"},"modified":"2023-01-30T09:33:05","modified_gmt":"2023-01-30T09:33:05","slug":"uni-a-pack","status":"publish","type":"page","link":"https:\/\/unitekplast.com\/tr\/uni-a-pack\/","title":{"rendered":"UNI A-PACK"},"content":{"rendered":"\t\t<div data-elementor-type=\"wp-page\" data-elementor-id=\"385\" class=\"elementor elementor-385\">\n\t\t\t\t\t\t\t\t\t<section class=\"elementor-section elementor-top-section elementor-element elementor-element-6f37ebc elementor-section-boxed elementor-section-height-default elementor-section-height-default\" data-id=\"6f37ebc\" data-element_type=\"section\">\n\t\t\t\t\t\t<div class=\"elementor-container elementor-column-gap-default\">\n\t\t\t\t\t<div class=\"elementor-column elementor-col-100 elementor-top-column elementor-element elementor-element-5ecb160\" data-id=\"5ecb160\" data-element_type=\"column\">\n\t\t\t<div class=\"elementor-widget-wrap elementor-element-populated\">\n\t\t\t\t\t\t\t\t<div class=\"elementor-element elementor-element-bf3a84a elementor-widget-divider--separator-type-pattern elementor-widget-divider--view-line elementor-widget elementor-widget-divider\" data-id=\"bf3a84a\" data-element_type=\"widget\" data-widget_type=\"divider.default\">\n\t\t\t\t<div class=\"elementor-widget-container\">\n\t\t\t<style>\/*! elementor - v3.9.2 - 21-12-2022 *\/\n.elementor-widget-divider{--divider-border-style:none;--divider-border-width:1px;--divider-color:#2c2c2c;--divider-icon-size:20px;--divider-element-spacing:10px;--divider-pattern-height:24px;--divider-pattern-size:20px;--divider-pattern-url:none;--divider-pattern-repeat:repeat-x}.elementor-widget-divider .elementor-divider{display:flex}.elementor-widget-divider .elementor-divider__text{font-size:15px;line-height:1;max-width:95%}.elementor-widget-divider .elementor-divider__element{margin:0 var(--divider-element-spacing);flex-shrink:0}.elementor-widget-divider .elementor-icon{font-size:var(--divider-icon-size)}.elementor-widget-divider .elementor-divider-separator{display:flex;margin:0;direction:ltr}.elementor-widget-divider--view-line_icon .elementor-divider-separator,.elementor-widget-divider--view-line_text .elementor-divider-separator{align-items:center}.elementor-widget-divider--view-line_icon .elementor-divider-separator:after,.elementor-widget-divider--view-line_icon .elementor-divider-separator:before,.elementor-widget-divider--view-line_text .elementor-divider-separator:after,.elementor-widget-divider--view-line_text .elementor-divider-separator:before{display:block;content:\"\";border-bottom:0;flex-grow:1;border-top:var(--divider-border-width) var(--divider-border-style) var(--divider-color)}.elementor-widget-divider--element-align-left .elementor-divider .elementor-divider-separator>.elementor-divider__svg:first-of-type{flex-grow:0;flex-shrink:100}.elementor-widget-divider--element-align-left .elementor-divider-separator:before{content:none}.elementor-widget-divider--element-align-left .elementor-divider__element{margin-left:0}.elementor-widget-divider--element-align-right .elementor-divider .elementor-divider-separator>.elementor-divider__svg:last-of-type{flex-grow:0;flex-shrink:100}.elementor-widget-divider--element-align-right .elementor-divider-separator:after{content:none}.elementor-widget-divider--element-align-right .elementor-divider__element{margin-right:0}.elementor-widget-divider:not(.elementor-widget-divider--view-line_text):not(.elementor-widget-divider--view-line_icon) .elementor-divider-separator{border-top:var(--divider-border-width) var(--divider-border-style) var(--divider-color)}.elementor-widget-divider--separator-type-pattern{--divider-border-style:none}.elementor-widget-divider--separator-type-pattern.elementor-widget-divider--view-line .elementor-divider-separator,.elementor-widget-divider--separator-type-pattern:not(.elementor-widget-divider--view-line) .elementor-divider-separator:after,.elementor-widget-divider--separator-type-pattern:not(.elementor-widget-divider--view-line) .elementor-divider-separator:before,.elementor-widget-divider--separator-type-pattern:not([class*=elementor-widget-divider--view]) .elementor-divider-separator{width:100%;min-height:var(--divider-pattern-height);-webkit-mask-size:var(--divider-pattern-size) 100%;mask-size:var(--divider-pattern-size) 100%;-webkit-mask-repeat:var(--divider-pattern-repeat);mask-repeat:var(--divider-pattern-repeat);background-color:var(--divider-color);-webkit-mask-image:var(--divider-pattern-url);mask-image:var(--divider-pattern-url)}.elementor-widget-divider--no-spacing{--divider-pattern-size:auto}.elementor-widget-divider--bg-round{--divider-pattern-repeat:round}.rtl .elementor-widget-divider .elementor-divider__text{direction:rtl}.e-con-inner>.elementor-widget-divider,.e-con>.elementor-widget-divider{width:var(--container-widget-width);--flex-grow:var(--container-widget-flex-grow)}<\/style>\t\t<div class=\"elementor-divider\" style=\"--divider-pattern-url: url(&quot;data:image\/svg+xml,%3Csvg xmlns=&#039;http:\/\/www.w3.org\/2000\/svg&#039; preserveAspectRatio=&#039;none&#039; overflow=&#039;visible&#039; height=&#039;100%&#039; viewBox=&#039;0 0 20 16&#039; fill=&#039;none&#039; stroke=&#039;black&#039; stroke-width=&#039;1&#039; stroke-linecap=&#039;square&#039; stroke-miterlimit=&#039;10&#039;%3E%3Cg transform=&#039;translate(-12.000000, 0)&#039;%3E%3Cpath d=&#039;M28,0L10,18&#039;\/%3E%3Cpath d=&#039;M18,0L0,18&#039;\/%3E%3Cpath d=&#039;M48,0L30,18&#039;\/%3E%3Cpath d=&#039;M38,0L20,18&#039;\/%3E%3C\/g%3E%3C\/svg%3E&quot;);\">\n\t\t\t<span class=\"elementor-divider-separator\">\n\t\t\t\t\t\t<\/span>\n\t\t<\/div>\n\t\t\t\t<\/div>\n\t\t\t\t<\/div>\n\t\t\t\t\t<\/div>\n\t\t<\/div>\n\t\t\t\t\t\t\t<\/div>\n\t\t<\/section>\n\t\t\t\t<section class=\"elementor-section elementor-top-section elementor-element elementor-element-751cdce elementor-section-boxed elementor-section-height-default elementor-section-height-default\" data-id=\"751cdce\" data-element_type=\"section\">\n\t\t\t\t\t\t<div class=\"elementor-container elementor-column-gap-default\">\n\t\t\t\t\t<div class=\"elementor-column elementor-col-100 elementor-top-column elementor-element elementor-element-5475bda\" data-id=\"5475bda\" data-element_type=\"column\">\n\t\t\t<div class=\"elementor-widget-wrap elementor-element-populated\">\n\t\t\t\t\t\t\t\t<div class=\"elementor-element elementor-element-659cc88 elementor-widget elementor-widget-text-editor\" data-id=\"659cc88\" data-element_type=\"widget\" data-widget_type=\"text-editor.default\">\n\t\t\t\t<div class=\"elementor-widget-container\">\n\t\t\t<style>\/*! elementor - v3.9.2 - 21-12-2022 *\/\n.elementor-widget-text-editor.elementor-drop-cap-view-stacked .elementor-drop-cap{background-color:#818a91;color:#fff}.elementor-widget-text-editor.elementor-drop-cap-view-framed .elementor-drop-cap{color:#818a91;border:3px solid;background-color:transparent}.elementor-widget-text-editor:not(.elementor-drop-cap-view-default) .elementor-drop-cap{margin-top:8px}.elementor-widget-text-editor:not(.elementor-drop-cap-view-default) .elementor-drop-cap-letter{width:1em;height:1em}.elementor-widget-text-editor .elementor-drop-cap{float:left;text-align:center;line-height:1;font-size:50px}.elementor-widget-text-editor .elementor-drop-cap-letter{display:inline-block}<\/style>\t\t\t\t<p>UNI A-PACK, meyve, sebze ve etlerin raf \u00f6mr\u00fcn\u00fc art\u0131rmak i\u00e7in yeni aktif ambalaj yelpazesi \u00fcretmek i\u00e7in kullan\u0131labilen fonksiyonel polimerlerdir. Onlar\u0131 normalden \u00e7ok daha uzun s\u00fcre taze tutar (zaman\u0131n iki kat\u0131ndan fazla) ve yiyecek israf\u0131n\u0131 azaltmaya yard\u0131mc\u0131 olur.<\/p><p>Genel olarak, geli\u015fmi\u015f ambalaj (i) geli\u015ftirilmi\u015f, (ii) aktif ve (iii) zeki\/ak\u0131ll\u0131 ambalaj olarak s\u0131n\u0131fland\u0131r\u0131labilir. Aktif ve ak\u0131ll\u0131\/ak\u0131ll\u0131 paketleme durumunda, eklenen bile\u015fen normalde i\u00e7erdi\u011fi malzemelerle etkile\u015fime girerek g\u0131da korumas\u0131n\u0131n ve raf \u00f6mr\u00fcn\u00fcn iyile\u015ftirilmesine yol a\u00e7ar.<\/p><p>UNI A-PACK, i\u00e7 ambalaj\u0131n gaz bile\u015fimini, yani O2, CO2, Etilen ve Nem ile mikrobiyal b\u00fcy\u00fcmeyi kontrol eder. Ambalaj\u0131n i\u00e7indeki atmosferin kontrollenmesi raf \u00f6mr\u00fcn\u00fcn uzamas\u0131na neden olur ve daha taze g\u0131dalar ve tar\u0131m \u00fcr\u00fcnleri sa\u011flar.<\/p><p>Asl\u0131nda, bu ambalaj\u0131n kontroll\u00fc bir atmosfer ajan\u0131 olarak kullan\u0131lmas\u0131, depolama ve ta\u015f\u0131ma s\u0131ras\u0131nda taze \u00fcr\u00fcn at\u0131klar\u0131n\u0131 \u00f6nemli \u00f6l\u00e7\u00fcde azaltabilir. Sonu\u00e7 olarak, daha uzun mesafeli ta\u015f\u0131ma m\u00fcmk\u00fcn olacakt\u0131r.<\/p><p>UNI A-PACK ambalaj\u0131 Salatal\u0131k, Brokoli, Patl\u0131can, Otlar, Kabak, Nar, \u015eeftali, Armut, Kiraz, Muz, \u00c7am Elmas\u0131, Mango vb. gibi taze \u00fcr\u00fcnlerin ambalajlanmas\u0131nda kullan\u0131labilir. UNI A-PACK, F\u0131nd\u0131k, Et ve K\u00fcmes Hayvanlar\u0131 gibi \u00fcr\u00fcnlerin raf \u00f6mr\u00fc uzatmas\u0131 i\u00e7in de kullan\u0131labilir. Her tar\u0131msal mal\u0131n ve g\u0131da t\u00fcr\u00fcn\u00fcn belirli bir ambalaj po\u015fetinde\/konteynerinde paketlenmesi gerekti\u011fi d\u00fc\u015f\u00fcn\u00fclmelidir.<\/p><p>UNI A-PACK ambalaj\u0131nda geli\u015fmi\u015f form\u00fclasyonun varl\u0131\u011f\u0131, polimerik ambalaj\u0131n termal stabilite, esneklik, mekanik mukavemet, gaz\/nem bariyeri \u00f6zellikleri ve UV-\u0131\u015f\u0131k geciktiricili\u011fi gibi \u00e7e\u015fitli ilgili \u00f6zelliklerini\/performans\u0131n\u0131 geli\u015ftirir. Geli\u015fmi\u015f ambalaj\u0131n temel amac\u0131, kab\u0131n i\u00e7indeki gaz bile\u015fimini, ba\u011f\u0131l nemi ve UV \u0131\u015f\u0131\u011f\u0131na maruz kalmay\u0131 kontrol ederek daha uzun raf \u00f6mr\u00fc sa\u011flamakt\u0131r. Aktif bir g\u0131da ambalaj\u0131, sadece pasif bir bariyer g\u00f6revi g\u00f6rmeyen, ayn\u0131 zamanda g\u0131da ile istenen bir \u015fekilde etkile\u015fime giren bir sistem olarak tan\u0131mlanabilir, \u00f6rne\u011fin istenen bile\u015fikleri (antimikrobiyal veya antioksidan ajanlar) serbest b\u0131rakarak veya baz\u0131 zararl\u0131 fakt\u00f6rleri (oksijen veya su buhar\u0131 gibi) ortadan kald\u0131rarak. Bu t\u00fcr etkile\u015fimlerin sonu\u00e7lar\u0131 genellikle g\u0131da stabilitesindeki geli\u015fmelerle ilgilidir.<\/p>\t\t\t\t\t\t<\/div>\n\t\t\t\t<\/div>\n\t\t\t\t<div class=\"elementor-element elementor-element-64809d0 elementor-widget elementor-widget-text-editor\" data-id=\"64809d0\" data-element_type=\"widget\" data-widget_type=\"text-editor.default\">\n\t\t\t\t<div class=\"elementor-widget-container\">\n\t\t\t\t\t\t\t<p><strong>\u00d6zellikler<\/strong><\/p><ul><li><p>G\u0131dalar ve tar\u0131m \u00fcr\u00fcnleri i\u00e7in daha fazla tazelik ve raf \u00f6mr\u00fc<\/p><\/li><li><p>Nem de\u011fi\u015ftirici ve bu\u011fu \u00f6nleyic<\/p><\/li><li><p>Mikrobiyal b\u00fcy\u00fcme inhibit\u00f6r\u00fc<\/p><\/li><li><p>Taze \u00fcr\u00fcnlerde kontroll\u00fc solunum<\/p><\/li><\/ul>\t\t\t\t\t\t<\/div>\n\t\t\t\t<\/div>\n\t\t\t\t\t<\/div>\n\t\t<\/div>\n\t\t\t\t\t\t\t<\/div>\n\t\t<\/section>\n\t\t\t\t\t\t\t<\/div>\n\t\t","protected":false},"excerpt":{"rendered":"<p>UNI A-PACK, meyve, sebze ve etlerin raf \u00f6mr\u00fcn\u00fc art\u0131rmak i\u00e7in yeni aktif ambalaj yelpazesi \u00fcretmek i\u00e7in kullan\u0131labilen fonksiyonel polimerlerdir. Onlar\u0131 normalden \u00e7ok daha uzun s\u00fcre taze tutar (zaman\u0131n iki kat\u0131ndan fazla) ve yiyecek israf\u0131n\u0131 azaltmaya yard\u0131mc\u0131 olur. Genel olarak, geli\u015fmi\u015f ambalaj (i) geli\u015ftirilmi\u015f, (ii) aktif ve (iii) zeki\/ak\u0131ll\u0131 ambalaj olarak s\u0131n\u0131fland\u0131r\u0131labilir. Aktif ve ak\u0131ll\u0131\/ak\u0131ll\u0131 paketleme &hellip;<\/p>\n<p class=\"read-more\"> <a class=\"\" href=\"https:\/\/unitekplast.com\/tr\/uni-a-pack\/\"> <span class=\"screen-reader-text\">UNI A-PACK<\/span> Read More &raquo;<\/a><\/p>\n","protected":false},"author":1,"featured_media":0,"parent":0,"menu_order":0,"comment_status":"closed","ping_status":"closed","template":"","meta":{"site-sidebar-layout":"no-sidebar","site-content-layout":"page-builder","ast-global-header-display":"","ast-main-header-display":"","ast-hfb-above-header-display":"","ast-hfb-below-header-display":"","ast-hfb-mobile-header-display":"","site-post-title":"disabled","ast-breadcrumbs-content":"","ast-featured-img":"disabled","footer-sml-layout":"","theme-transparent-header-meta":"","adv-header-id-meta":"","stick-header-meta":"","header-above-stick-meta":"","header-main-stick-meta":"","header-below-stick-meta":"","footnotes":""},"class_list":["post-385","page","type-page","status-publish","hentry"],"_links":{"self":[{"href":"https:\/\/unitekplast.com\/tr\/wp-json\/wp\/v2\/pages\/385","targetHints":{"allow":["GET"]}}],"collection":[{"href":"https:\/\/unitekplast.com\/tr\/wp-json\/wp\/v2\/pages"}],"about":[{"href":"https:\/\/unitekplast.com\/tr\/wp-json\/wp\/v2\/types\/page"}],"author":[{"embeddable":true,"href":"https:\/\/unitekplast.com\/tr\/wp-json\/wp\/v2\/users\/1"}],"replies":[{"embeddable":true,"href":"https:\/\/unitekplast.com\/tr\/wp-json\/wp\/v2\/comments?post=385"}],"version-history":[{"count":23,"href":"https:\/\/unitekplast.com\/tr\/wp-json\/wp\/v2\/pages\/385\/revisions"}],"predecessor-version":[{"id":925,"href":"https:\/\/unitekplast.com\/tr\/wp-json\/wp\/v2\/pages\/385\/revisions\/925"}],"wp:attachment":[{"href":"https:\/\/unitekplast.com\/tr\/wp-json\/wp\/v2\/media?parent=385"}],"curies":[{"name":"wp","href":"https:\/\/api.w.org\/{rel}","templated":true}]}}