{"id":390,"date":"2022-11-23T12:56:32","date_gmt":"2022-11-23T12:56:32","guid":{"rendered":"https:\/\/unitekplast.com\/tr\/?page_id=390"},"modified":"2023-01-30T09:36:27","modified_gmt":"2023-01-30T09:36:27","slug":"uni-c-green","status":"publish","type":"page","link":"https:\/\/unitekplast.com\/tr\/uni-c-green\/","title":{"rendered":"UNI C-GREEN"},"content":{"rendered":"\t\t<div data-elementor-type=\"wp-page\" data-elementor-id=\"390\" class=\"elementor elementor-390\">\n\t\t\t\t\t\t\t\t\t<section class=\"elementor-section elementor-top-section elementor-element elementor-element-112691f elementor-section-boxed elementor-section-height-default elementor-section-height-default\" data-id=\"112691f\" data-element_type=\"section\">\n\t\t\t\t\t\t<div class=\"elementor-container elementor-column-gap-default\">\n\t\t\t\t\t<div class=\"elementor-column elementor-col-100 elementor-top-column elementor-element elementor-element-ebb0f36\" data-id=\"ebb0f36\" data-element_type=\"column\">\n\t\t\t<div class=\"elementor-widget-wrap elementor-element-populated\">\n\t\t\t\t\t\t\t\t<div class=\"elementor-element elementor-element-6d7b668 elementor-widget-divider--separator-type-pattern elementor-widget-divider--view-line elementor-widget elementor-widget-divider\" data-id=\"6d7b668\" data-element_type=\"widget\" data-widget_type=\"divider.default\">\n\t\t\t\t<div class=\"elementor-widget-container\">\n\t\t\t<style>\/*! elementor - v3.9.2 - 21-12-2022 *\/\n.elementor-widget-divider{--divider-border-style:none;--divider-border-width:1px;--divider-color:#2c2c2c;--divider-icon-size:20px;--divider-element-spacing:10px;--divider-pattern-height:24px;--divider-pattern-size:20px;--divider-pattern-url:none;--divider-pattern-repeat:repeat-x}.elementor-widget-divider .elementor-divider{display:flex}.elementor-widget-divider .elementor-divider__text{font-size:15px;line-height:1;max-width:95%}.elementor-widget-divider .elementor-divider__element{margin:0 var(--divider-element-spacing);flex-shrink:0}.elementor-widget-divider .elementor-icon{font-size:var(--divider-icon-size)}.elementor-widget-divider .elementor-divider-separator{display:flex;margin:0;direction:ltr}.elementor-widget-divider--view-line_icon .elementor-divider-separator,.elementor-widget-divider--view-line_text .elementor-divider-separator{align-items:center}.elementor-widget-divider--view-line_icon .elementor-divider-separator:after,.elementor-widget-divider--view-line_icon .elementor-divider-separator:before,.elementor-widget-divider--view-line_text .elementor-divider-separator:after,.elementor-widget-divider--view-line_text .elementor-divider-separator:before{display:block;content:\"\";border-bottom:0;flex-grow:1;border-top:var(--divider-border-width) var(--divider-border-style) var(--divider-color)}.elementor-widget-divider--element-align-left .elementor-divider .elementor-divider-separator>.elementor-divider__svg:first-of-type{flex-grow:0;flex-shrink:100}.elementor-widget-divider--element-align-left .elementor-divider-separator:before{content:none}.elementor-widget-divider--element-align-left .elementor-divider__element{margin-left:0}.elementor-widget-divider--element-align-right .elementor-divider .elementor-divider-separator>.elementor-divider__svg:last-of-type{flex-grow:0;flex-shrink:100}.elementor-widget-divider--element-align-right .elementor-divider-separator:after{content:none}.elementor-widget-divider--element-align-right .elementor-divider__element{margin-right:0}.elementor-widget-divider:not(.elementor-widget-divider--view-line_text):not(.elementor-widget-divider--view-line_icon) .elementor-divider-separator{border-top:var(--divider-border-width) var(--divider-border-style) var(--divider-color)}.elementor-widget-divider--separator-type-pattern{--divider-border-style:none}.elementor-widget-divider--separator-type-pattern.elementor-widget-divider--view-line .elementor-divider-separator,.elementor-widget-divider--separator-type-pattern:not(.elementor-widget-divider--view-line) .elementor-divider-separator:after,.elementor-widget-divider--separator-type-pattern:not(.elementor-widget-divider--view-line) .elementor-divider-separator:before,.elementor-widget-divider--separator-type-pattern:not([class*=elementor-widget-divider--view]) .elementor-divider-separator{width:100%;min-height:var(--divider-pattern-height);-webkit-mask-size:var(--divider-pattern-size) 100%;mask-size:var(--divider-pattern-size) 100%;-webkit-mask-repeat:var(--divider-pattern-repeat);mask-repeat:var(--divider-pattern-repeat);background-color:var(--divider-color);-webkit-mask-image:var(--divider-pattern-url);mask-image:var(--divider-pattern-url)}.elementor-widget-divider--no-spacing{--divider-pattern-size:auto}.elementor-widget-divider--bg-round{--divider-pattern-repeat:round}.rtl .elementor-widget-divider .elementor-divider__text{direction:rtl}.e-con-inner>.elementor-widget-divider,.e-con>.elementor-widget-divider{width:var(--container-widget-width);--flex-grow:var(--container-widget-flex-grow)}<\/style>\t\t<div class=\"elementor-divider\" style=\"--divider-pattern-url: url(&quot;data:image\/svg+xml,%3Csvg xmlns=&#039;http:\/\/www.w3.org\/2000\/svg&#039; preserveAspectRatio=&#039;none&#039; overflow=&#039;visible&#039; height=&#039;100%&#039; viewBox=&#039;0 0 20 16&#039; fill=&#039;none&#039; stroke=&#039;black&#039; stroke-width=&#039;1&#039; stroke-linecap=&#039;square&#039; stroke-miterlimit=&#039;10&#039;%3E%3Cg transform=&#039;translate(-12.000000, 0)&#039;%3E%3Cpath d=&#039;M28,0L10,18&#039;\/%3E%3Cpath d=&#039;M18,0L0,18&#039;\/%3E%3Cpath d=&#039;M48,0L30,18&#039;\/%3E%3Cpath d=&#039;M38,0L20,18&#039;\/%3E%3C\/g%3E%3C\/svg%3E&quot;);\">\n\t\t\t<span class=\"elementor-divider-separator\">\n\t\t\t\t\t\t<\/span>\n\t\t<\/div>\n\t\t\t\t<\/div>\n\t\t\t\t<\/div>\n\t\t\t\t\t<\/div>\n\t\t<\/div>\n\t\t\t\t\t\t\t<\/div>\n\t\t<\/section>\n\t\t\t\t<section class=\"elementor-section elementor-top-section elementor-element elementor-element-5217d59 elementor-section-boxed elementor-section-height-default elementor-section-height-default\" data-id=\"5217d59\" data-element_type=\"section\">\n\t\t\t\t\t\t<div class=\"elementor-container elementor-column-gap-default\">\n\t\t\t\t\t<div class=\"elementor-column elementor-col-100 elementor-top-column elementor-element elementor-element-c9982bd\" data-id=\"c9982bd\" data-element_type=\"column\">\n\t\t\t<div class=\"elementor-widget-wrap elementor-element-populated\">\n\t\t\t\t\t\t\t\t<div class=\"elementor-element elementor-element-8927efc elementor-widget elementor-widget-text-editor\" data-id=\"8927efc\" data-element_type=\"widget\" data-widget_type=\"text-editor.default\">\n\t\t\t\t<div class=\"elementor-widget-container\">\n\t\t\t<style>\/*! elementor - v3.9.2 - 21-12-2022 *\/\n.elementor-widget-text-editor.elementor-drop-cap-view-stacked .elementor-drop-cap{background-color:#818a91;color:#fff}.elementor-widget-text-editor.elementor-drop-cap-view-framed .elementor-drop-cap{color:#818a91;border:3px solid;background-color:transparent}.elementor-widget-text-editor:not(.elementor-drop-cap-view-default) .elementor-drop-cap{margin-top:8px}.elementor-widget-text-editor:not(.elementor-drop-cap-view-default) .elementor-drop-cap-letter{width:1em;height:1em}.elementor-widget-text-editor .elementor-drop-cap{float:left;text-align:center;line-height:1;font-size:50px}.elementor-widget-text-editor .elementor-drop-cap-letter{display:inline-block}<\/style>\t\t\t\t<p>UNI C-Green, TPS, PLA, PBAT&#8217;tan olu\u015fan tamamen kompostlanabilir polimer bile\u015fi\u011fidir. Hem tamamen kompostlanabilir polimerlerin hem de ambalaj ve di\u011fer uygulamalar i\u00e7in ye\u015fil bir do\u011fal polimer i\u00e7in m\u00fckemmel bir se\u00e7im olmas\u0131n\u0131 sa\u011flayan m\u00fckemmel fiziksel ve kimyasal \u00f6zelliklere sahiptir.<\/p><p>Son zamanlarda, giderek daha fazla h\u00fck\u00fcmet ve \u015firket biyolojik olarak par\u00e7alanabilen ve ye\u015fil ve kompostlanabilir polimerlere ve \u00fcr\u00fcnlere do\u011fru kay\u0131yor. Ve son y\u0131llarda bir\u00e7ok d\u00fczenleme var ve daha g\u00fcvenli ve daha sa\u011fl\u0131kl\u0131 bir \u00e7evre sa\u011flamak i\u00e7in yeni yasalar geli\u015ftirilmi\u015ftir.<\/p><p>Kompostlanabilir polimerler, mikroorganizmalar\u0131n varl\u0131\u011f\u0131nda biyolojik olarak par\u00e7alanabilen bir grup malzemedir. Do\u011fal kaynaklardan yap\u0131l\u0131rlar ve toksik kimyasallar, metaller veya a\u011f\u0131r metaller i\u00e7ermezler. Kompostlanabilir polimerler g\u0131da \u00fcr\u00fcnleri, ila\u00e7lar ve kozmetikler i\u00e7in ambalaj malzemesi olarak kullan\u0131labilir.<\/p><p>Polilaktik asit (PLA), polihidroksib\u00fctirat (PHB) vb. gibi bir\u00e7ok kompostlanabilir polimer mevcuttur. Buna ra\u011fmen, \u00e7o\u011fu durumda, tamamen kompostlanabilir polimerler \u00fcretmenin y\u00fcksek maliyeti, geleneksel polimerlerin yerine kullan\u0131lmalar\u0131n\u0131 engeller. Kompostlanabilir polimerlerin elde edilmesinin \u00e7\u00f6z\u00fcmlerinden biri ni\u015fasta gibi do\u011fal hammaddelerin kullan\u0131lmas\u0131d\u0131r.<\/p><p>UNI C-Green, m\u00fckemmel fiziksel \u00f6zelliklerle \u00e7ok daha ucuz olan TPS&#8217;nin Unitekplast geli\u015ftirilmi\u015f ve geli\u015fmi\u015f form\u00fclasyonu ile birlikte PLA, PHB, PBAT gibi yayg\u0131n kompostlanabilir polimerlerden olu\u015fur. TPS&#8217;nin di\u011fer pahal\u0131 kompostlanabilir polimerlerle birle\u015ftirilmesi, tamamen kompostlanabilir polimerlerin fiyat\u0131n\u0131 b\u00fcy\u00fck \u00f6l\u00e7\u00fcde d\u00fc\u015f\u00fcrecek, ancak birle\u015ftirilebilirli\u011fi maksimumda koruyacakt\u0131r.<\/p><p>UNITEKPLAST, ba\u015fta ambalaj ve g\u0131da end\u00fcstrileri olmak \u00fczere \u00e7e\u015fitli end\u00fcstriler i\u00e7in TPS gran\u00fclleri ve kar\u0131\u015f\u0131m ve nanokompozitler geli\u015ftirmektedir.<\/p>\t\t\t\t\t\t<\/div>\n\t\t\t\t<\/div>\n\t\t\t\t\t<\/div>\n\t\t<\/div>\n\t\t\t\t\t\t\t<\/div>\n\t\t<\/section>\n\t\t\t\t<section class=\"elementor-section elementor-top-section elementor-element elementor-element-f4d0425 elementor-section-boxed elementor-section-height-default elementor-section-height-default\" data-id=\"f4d0425\" data-element_type=\"section\">\n\t\t\t\t\t\t<div class=\"elementor-container elementor-column-gap-default\">\n\t\t\t\t\t<div class=\"elementor-column elementor-col-100 elementor-top-column elementor-element elementor-element-12246c8\" data-id=\"12246c8\" data-element_type=\"column\">\n\t\t\t<div class=\"elementor-widget-wrap elementor-element-populated\">\n\t\t\t\t\t\t\t\t<div class=\"elementor-element elementor-element-af17f33 elementor-widget elementor-widget-image\" data-id=\"af17f33\" data-element_type=\"widget\" data-widget_type=\"image.default\">\n\t\t\t\t<div class=\"elementor-widget-container\">\n\t\t\t<style>\/*! elementor - v3.9.2 - 21-12-2022 *\/\n.elementor-widget-image{text-align:center}.elementor-widget-image a{display:inline-block}.elementor-widget-image a img[src$=\".svg\"]{width:48px}.elementor-widget-image img{vertical-align:middle;display:inline-block}<\/style>\t\t\t\t\t\t\t\t\t\t\t\t<img loading=\"lazy\" decoding=\"async\" width=\"803\" height=\"476\" src=\"https:\/\/unitekplast.com\/tr\/wp-content\/uploads\/2022\/11\/green.jpg\" class=\"attachment-large size-large wp-image-401\" alt=\"\" srcset=\"https:\/\/unitekplast.com\/tr\/wp-content\/uploads\/2022\/11\/green.jpg 803w, https:\/\/unitekplast.com\/tr\/wp-content\/uploads\/2022\/11\/green-300x178.jpg 300w, https:\/\/unitekplast.com\/tr\/wp-content\/uploads\/2022\/11\/green-768x455.jpg 768w\" sizes=\"auto, (max-width: 803px) 100vw, 803px\" \/>\t\t\t\t\t\t\t\t\t\t\t\t\t\t\t<\/div>\n\t\t\t\t<\/div>\n\t\t\t\t\t<\/div>\n\t\t<\/div>\n\t\t\t\t\t\t\t<\/div>\n\t\t<\/section>\n\t\t\t\t\t\t\t<\/div>\n\t\t","protected":false},"excerpt":{"rendered":"<p>UNI C-Green, TPS, PLA, PBAT&#8217;tan olu\u015fan tamamen kompostlanabilir polimer bile\u015fi\u011fidir. Hem tamamen kompostlanabilir polimerlerin hem de ambalaj ve di\u011fer uygulamalar i\u00e7in ye\u015fil bir do\u011fal polimer i\u00e7in m\u00fckemmel bir se\u00e7im olmas\u0131n\u0131 sa\u011flayan m\u00fckemmel fiziksel ve kimyasal \u00f6zelliklere sahiptir. Son zamanlarda, giderek daha fazla h\u00fck\u00fcmet ve \u015firket biyolojik olarak par\u00e7alanabilen ve ye\u015fil ve kompostlanabilir polimerlere ve \u00fcr\u00fcnlere &hellip;<\/p>\n<p class=\"read-more\"> <a class=\"\" href=\"https:\/\/unitekplast.com\/tr\/uni-c-green\/\"> <span class=\"screen-reader-text\">UNI C-GREEN<\/span> Read More &raquo;<\/a><\/p>\n","protected":false},"author":1,"featured_media":0,"parent":0,"menu_order":0,"comment_status":"closed","ping_status":"closed","template":"","meta":{"site-sidebar-layout":"no-sidebar","site-content-layout":"page-builder","ast-global-header-display":"","ast-main-header-display":"","ast-hfb-above-header-display":"","ast-hfb-below-header-display":"","ast-hfb-mobile-header-display":"","site-post-title":"disabled","ast-breadcrumbs-content":"","ast-featured-img":"disabled","footer-sml-layout":"","theme-transparent-header-meta":"","adv-header-id-meta":"","stick-header-meta":"","header-above-stick-meta":"","header-main-stick-meta":"","header-below-stick-meta":"","footnotes":""},"class_list":["post-390","page","type-page","status-publish","hentry"],"_links":{"self":[{"href":"https:\/\/unitekplast.com\/tr\/wp-json\/wp\/v2\/pages\/390","targetHints":{"allow":["GET"]}}],"collection":[{"href":"https:\/\/unitekplast.com\/tr\/wp-json\/wp\/v2\/pages"}],"about":[{"href":"https:\/\/unitekplast.com\/tr\/wp-json\/wp\/v2\/types\/page"}],"author":[{"embeddable":true,"href":"https:\/\/unitekplast.com\/tr\/wp-json\/wp\/v2\/users\/1"}],"replies":[{"embeddable":true,"href":"https:\/\/unitekplast.com\/tr\/wp-json\/wp\/v2\/comments?post=390"}],"version-history":[{"count":19,"href":"https:\/\/unitekplast.com\/tr\/wp-json\/wp\/v2\/pages\/390\/revisions"}],"predecessor-version":[{"id":1026,"href":"https:\/\/unitekplast.com\/tr\/wp-json\/wp\/v2\/pages\/390\/revisions\/1026"}],"wp:attachment":[{"href":"https:\/\/unitekplast.com\/tr\/wp-json\/wp\/v2\/media?parent=390"}],"curies":[{"name":"wp","href":"https:\/\/api.w.org\/{rel}","templated":true}]}}