{"id":50,"date":"2022-11-14T10:50:56","date_gmt":"2022-11-14T10:50:56","guid":{"rendered":"https:\/\/unitekplast.com\/tr\/?page_id=50"},"modified":"2023-01-30T09:00:34","modified_gmt":"2023-01-30T09:00:34","slug":"about-us","status":"publish","type":"page","link":"https:\/\/unitekplast.com\/tr\/about-us\/","title":{"rendered":"About Us"},"content":{"rendered":"\t\t<div data-elementor-type=\"wp-page\" data-elementor-id=\"50\" class=\"elementor elementor-50\">\n\t\t\t\t\t\t\t\t\t<section class=\"elementor-section elementor-top-section elementor-element elementor-element-c746a45 elementor-section-height-min-height elementor-section-boxed elementor-section-height-default elementor-section-items-middle\" data-id=\"c746a45\" data-element_type=\"section\" data-settings=\"{&quot;background_background&quot;:&quot;classic&quot;}\">\n\t\t\t\t\t\t\t<div class=\"elementor-background-overlay\"><\/div>\n\t\t\t\t\t\t\t<div class=\"elementor-container elementor-column-gap-default\">\n\t\t\t\t\t<div class=\"elementor-column elementor-col-100 elementor-top-column elementor-element elementor-element-79fb16a\" data-id=\"79fb16a\" data-element_type=\"column\">\n\t\t\t<div class=\"elementor-widget-wrap elementor-element-populated\">\n\t\t\t\t\t\t\t\t<div class=\"elementor-element elementor-element-61d975c elementor-view-default elementor-vertical-align-top elementor-widget elementor-widget-icon-box\" data-id=\"61d975c\" data-element_type=\"widget\" data-widget_type=\"icon-box.default\">\n\t\t\t\t<div class=\"elementor-widget-container\">\n\t\t\t<link rel=\"stylesheet\" href=\"https:\/\/unitekplast.com\/tr\/wp-content\/plugins\/elementor\/assets\/css\/widget-icon-box.min.css\">\t\t<div class=\"elementor-icon-box-wrapper\">\n\t\t\t\t\t\t<div class=\"elementor-icon-box-content\">\n\t\t\t\t<h3 class=\"elementor-icon-box-title\">\n\t\t\t\t\t<span  >\n\t\t\t\t\t\tHAKKIMIZDA\t\t\t\t\t<\/span>\n\t\t\t\t<\/h3>\n\t\t\t\t\t\t\t\t\t<p class=\"elementor-icon-box-description\">\n\t\t\t\t\t\tUnitekplast\t\t\t\t\t<\/p>\n\t\t\t\t\t\t\t<\/div>\n\t\t<\/div>\n\t\t\t\t<\/div>\n\t\t\t\t<\/div>\n\t\t\t\t\t<\/div>\n\t\t<\/div>\n\t\t\t\t\t\t\t<\/div>\n\t\t<\/section>\n\t\t\t\t<section class=\"elementor-section elementor-top-section elementor-element elementor-element-3bd3d17 elementor-section-full_width elementor-section-height-default elementor-section-height-default\" data-id=\"3bd3d17\" data-element_type=\"section\">\n\t\t\t\t\t\t<div class=\"elementor-container elementor-column-gap-default\">\n\t\t\t\t\t<div class=\"elementor-column elementor-col-100 elementor-top-column elementor-element elementor-element-744f51b\" data-id=\"744f51b\" data-element_type=\"column\">\n\t\t\t<div class=\"elementor-widget-wrap elementor-element-populated\">\n\t\t\t\t\t\t\t\t<section class=\"elementor-section elementor-inner-section elementor-element elementor-element-5b06d99 elementor-section-boxed elementor-section-height-default elementor-section-height-default\" data-id=\"5b06d99\" data-element_type=\"section\">\n\t\t\t\t\t\t<div class=\"elementor-container elementor-column-gap-default\">\n\t\t\t\t\t<div class=\"elementor-column elementor-col-100 elementor-inner-column elementor-element elementor-element-7e629c6\" data-id=\"7e629c6\" data-element_type=\"column\">\n\t\t\t<div class=\"elementor-widget-wrap elementor-element-populated\">\n\t\t\t\t\t\t\t\t<div class=\"elementor-element elementor-element-05ce1df elementor-widget elementor-widget-text-editor\" data-id=\"05ce1df\" data-element_type=\"widget\" data-widget_type=\"text-editor.default\">\n\t\t\t\t<div class=\"elementor-widget-container\">\n\t\t\t<style>\/*! elementor - v3.9.2 - 21-12-2022 *\/\n.elementor-widget-text-editor.elementor-drop-cap-view-stacked .elementor-drop-cap{background-color:#818a91;color:#fff}.elementor-widget-text-editor.elementor-drop-cap-view-framed .elementor-drop-cap{color:#818a91;border:3px solid;background-color:transparent}.elementor-widget-text-editor:not(.elementor-drop-cap-view-default) .elementor-drop-cap{margin-top:8px}.elementor-widget-text-editor:not(.elementor-drop-cap-view-default) .elementor-drop-cap-letter{width:1em;height:1em}.elementor-widget-text-editor .elementor-drop-cap{float:left;text-align:center;line-height:1;font-size:50px}.elementor-widget-text-editor .elementor-drop-cap-letter{display:inline-block}<\/style>\t\t\t\t<p>UNITEKPLAST, geli\u015ftirme konusunda 15 y\u0131ldan fazla deneyime sahip olan ve Su ve at\u0131k su ar\u0131tma, nano malzemeler, \u00e7evre dostu polimerler, yeni toplama suyu ve meyve ve sebzeler i\u00e7in aktif paketleme alanlar\u0131nda teknolojiler geli\u015ftiren Unitek Group&#8217;un yeni kurulmu\u015f bir \u00fcyesidir. Unitech, Van City&#8217;deki Kosgeb&#8217;de nanoteknoloji, biyopolimerler\/ biyolojik olarak par\u00e7alanabilir polimerler, \u00e7evre ve su ve at\u0131k su ar\u0131tma end\u00fcstrileri \u00fczerinde \u00e7al\u0131\u015fan bilgiye dayal\u0131 bir \u015firket olarak kurulmu\u015ftur.<\/p><p>UNITEKPLAST&#8217;\u0131n ana odak noktas\u0131, tar\u0131m \u00fcr\u00fcnlerinin raf \u00f6mr\u00fcn\u00fc uzatmak i\u00e7in \u00e7evre dostu polimerler ve yeni fonksiyonel paketleme \u00e7\u00f6z\u00fcm\u00fcd\u00fcr. Harika bir Ar-Ge yeteneklerine sahip olan UNITEKPLAST, d\u00fcnyan\u0131n atalar\u0131m\u0131z\u0131n hatalar\u0131ndan kurtulmas\u0131na yard\u0131mc\u0131 olan daha fazla ye\u015fil \u00fcr\u00fcn ve teknolojiye olan artan talebi kar\u015f\u0131lamay\u0131 ama\u00e7lamaktad\u0131r.<\/p><p>Do\u011fal ni\u015fasta polimerine dayal\u0131 biyolojik olarak par\u00e7alanabilen \u00fcr\u00fcnler, geleneksel plastikleri ve metal bazl\u0131 par\u00e7alanabilir polimerleri de\u011fi\u015ftirmek i\u00e7in en iyi se\u00e7enektir, bu nedenle UNITEKPLAST, malzemenin temeli olarak m\u0131s\u0131r ni\u015fastas\u0131 kullanan biyo ve biyolojik olarak par\u00e7alanabilen polimerlerin geli\u015ftirilmesine odaklanmaktad\u0131r.<\/p><p>Unitekplast, bir ara \u00fcr\u00fcn olarak biyo\/biyolojik olarak par\u00e7alanabilir polimerik gran\u00fcl \u00fcreticisi i\u00e7in bir \u00e7ift vidal\u0131 ekstr\u00fcder sat\u0131r\u0131na sahiptir. \u00dcr\u00fcn, al\u0131\u015fveri\u015f po\u015fetleri, \u00e7\u00f6p torbalar\u0131, masa \u00f6rt\u00fcs\u00fc, saman, \u00e7atal b\u0131\u00e7ak tak\u0131m\u0131 vb. Gibi tek kullan\u0131ml\u0131k polimerik \u00fcr\u00fcnlere d\u00f6n\u00fc\u015ft\u00fcrmek i\u00e7in kullan\u0131lacakt\u0131r.<\/p>\t\t\t\t\t\t<\/div>\n\t\t\t\t<\/div>\n\t\t\t\t\t<\/div>\n\t\t<\/div>\n\t\t\t\t\t\t\t<\/div>\n\t\t<\/section>\n\t\t\t\t\t<\/div>\n\t\t<\/div>\n\t\t\t\t\t\t\t<\/div>\n\t\t<\/section>\n\t\t\t\t\t\t\t<\/div>\n\t\t","protected":false},"excerpt":{"rendered":"<p>HAKKIMIZDA Unitekplast UNITEKPLAST, geli\u015ftirme konusunda 15 y\u0131ldan fazla deneyime sahip olan ve Su ve at\u0131k su ar\u0131tma, nano malzemeler, \u00e7evre dostu polimerler, yeni toplama suyu ve meyve ve sebzeler i\u00e7in aktif paketleme alanlar\u0131nda teknolojiler geli\u015ftiren Unitek Group&#8217;un yeni kurulmu\u015f bir \u00fcyesidir. Unitech, Van City&#8217;deki Kosgeb&#8217;de nanoteknoloji, biyopolimerler\/ biyolojik olarak par\u00e7alanabilir polimerler, \u00e7evre ve su ve &hellip;<\/p>\n<p class=\"read-more\"> <a class=\"\" href=\"https:\/\/unitekplast.com\/tr\/about-us\/\"> <span class=\"screen-reader-text\">About Us<\/span> Read More &raquo;<\/a><\/p>\n","protected":false},"author":1,"featured_media":0,"parent":0,"menu_order":0,"comment_status":"closed","ping_status":"closed","template":"","meta":{"site-sidebar-layout":"no-sidebar","site-content-layout":"page-builder","ast-global-header-display":"","ast-main-header-display":"","ast-hfb-above-header-display":"","ast-hfb-below-header-display":"","ast-hfb-mobile-header-display":"","site-post-title":"disabled","ast-breadcrumbs-content":"","ast-featured-img":"disabled","footer-sml-layout":"","theme-transparent-header-meta":"","adv-header-id-meta":"","stick-header-meta":"","header-above-stick-meta":"","header-main-stick-meta":"","header-below-stick-meta":"","footnotes":""},"class_list":["post-50","page","type-page","status-publish","hentry"],"_links":{"self":[{"href":"https:\/\/unitekplast.com\/tr\/wp-json\/wp\/v2\/pages\/50","targetHints":{"allow":["GET"]}}],"collection":[{"href":"https:\/\/unitekplast.com\/tr\/wp-json\/wp\/v2\/pages"}],"about":[{"href":"https:\/\/unitekplast.com\/tr\/wp-json\/wp\/v2\/types\/page"}],"author":[{"embeddable":true,"href":"https:\/\/unitekplast.com\/tr\/wp-json\/wp\/v2\/users\/1"}],"replies":[{"embeddable":true,"href":"https:\/\/unitekplast.com\/tr\/wp-json\/wp\/v2\/comments?post=50"}],"version-history":[{"count":112,"href":"https:\/\/unitekplast.com\/tr\/wp-json\/wp\/v2\/pages\/50\/revisions"}],"predecessor-version":[{"id":870,"href":"https:\/\/unitekplast.com\/tr\/wp-json\/wp\/v2\/pages\/50\/revisions\/870"}],"wp:attachment":[{"href":"https:\/\/unitekplast.com\/tr\/wp-json\/wp\/v2\/media?parent=50"}],"curies":[{"name":"wp","href":"https:\/\/api.w.org\/{rel}","templated":true}]}}